{"id":32,"date":"2017-11-28T23:58:56","date_gmt":"2017-11-28T22:58:56","guid":{"rendered":"http:\/\/adwokatdobrowolski.pl\/?page_id=32"},"modified":"2017-12-17T21:14:37","modified_gmt":"2017-12-17T20:14:37","slug":"wynagrodzenie","status":"publish","type":"page","link":"https:\/\/adwokatdobrowolski.pl\/index.php\/wynagrodzenie\/","title":{"rendered":"Wynagrodzenie"},"content":{"rendered":"<div id=\"pl-32\"  class=\"panel-layout\" ><div id=\"pg-32-0\"  class=\"panel-grid panel-has-style\" ><div style=\"padding: 0% 0; \" class=\"panel-row-style panel-row-style-for-32-0\" ><div id=\"pgc-32-0-0\"  class=\"panel-grid-cell\" ><div id=\"panel-32-0-0-0\" class=\"so-panel widget widget_sow-editor panel-first-child panel-last-child\" data-index=\"0\" ><div\n\t\t\t\n\t\t\tclass=\"so-widget-sow-editor so-widget-sow-editor-base\"\n\t\t\t\n\t\t>\n<div class=\"siteorigin-widget-tinymce textwidget\">\n\t<p style=\"text-align: justify;\">Wynagrodzenie ustalane jest podczas spotkania z Klientem, a jego wysoko\u015b\u0107 uzale\u017cniona jest od rodzaju zlecenia, stopnia jego skomplikowania, przewidywanego nak\u0142adu pracy, ilo\u015bci dostarczonych przez Klienta materia\u0142\u00f3w oraz warto\u015bci przedmiotu sprawy. W szczeg\u00f3lnie uzasadnionych przypadkach dopuszczamy mo\u017cliwo\u015b\u0107 roz\u0142o\u017cenia nale\u017cnej kwoty tytu\u0142em wynagrodzenia na raty.<\/p>\n<\/div>\n<\/div><\/div><\/div><div id=\"pgc-32-0-1\"  class=\"panel-grid-cell\" ><div id=\"panel-32-0-1-0\" class=\"so-panel widget widget_sow-image panel-first-child panel-last-child\" data-index=\"1\" ><div\n\t\t\t\n\t\t\tclass=\"so-widget-sow-image so-widget-sow-image-default-8b5b6f678277-32\"\n\t\t\t\n\t\t>\n\n<div class=\"sow-image-container\">\n\t\t<img src=\"https:\/\/adwokatdobrowolski.pl\/wp-content\/uploads\/2017\/12\/4.jpg\" width=\"1920\" height=\"1281\" srcset=\"https:\/\/adwokatdobrowolski.pl\/wp-content\/uploads\/2017\/12\/4.jpg 1920w, https:\/\/adwokatdobrowolski.pl\/wp-content\/uploads\/2017\/12\/4-300x200.jpg 300w, https:\/\/adwokatdobrowolski.pl\/wp-content\/uploads\/2017\/12\/4-768x512.jpg 768w, https:\/\/adwokatdobrowolski.pl\/wp-content\/uploads\/2017\/12\/4-1024x683.jpg 1024w, https:\/\/adwokatdobrowolski.pl\/wp-content\/uploads\/2017\/12\/4-600x400.jpg 600w, https:\/\/adwokatdobrowolski.pl\/wp-content\/uploads\/2017\/12\/4-700x467.jpg 700w, https:\/\/adwokatdobrowolski.pl\/wp-content\/uploads\/2017\/12\/4-410x274.jpg 410w, https:\/\/adwokatdobrowolski.pl\/wp-content\/uploads\/2017\/12\/4-100x67.jpg 100w, https:\/\/adwokatdobrowolski.pl\/wp-content\/uploads\/2017\/12\/4-275x183.jpg 275w, https:\/\/adwokatdobrowolski.pl\/wp-content\/uploads\/2017\/12\/4-272x182.jpg 272w\" sizes=\"(max-width: 1920px) 100vw, 1920px\" alt=\"\" loading=\"lazy\" \t\tclass=\"so-widget-image\"\/>\n\t<\/div>\n\n<\/div><\/div><\/div><\/div><\/div><div id=\"pg-32-1\"  class=\"panel-grid panel-has-style\" ><div class=\"so-parallax siteorigin-panels-stretch rocked-stretch panel-row-style panel-row-style-for-32-1\" style=\"padding: 20% 0; \" id=\"parallax\" data-stretch-type=\"full-stretched\" ><img width=\"1920\" height=\"1280\" src=\"https:\/\/adwokatdobrowolski.pl\/wp-content\/uploads\/2017\/12\/3a.jpg\" class=\"attachment-full size-full\" alt=\"\" decoding=\"async\" loading=\"eager\" data-siteorigin-parallax=\"true\" srcset=\"https:\/\/adwokatdobrowolski.pl\/wp-content\/uploads\/2017\/12\/3a.jpg 1920w, https:\/\/adwokatdobrowolski.pl\/wp-content\/uploads\/2017\/12\/3a-300x200.jpg 300w, https:\/\/adwokatdobrowolski.pl\/wp-content\/uploads\/2017\/12\/3a-768x512.jpg 768w, https:\/\/adwokatdobrowolski.pl\/wp-content\/uploads\/2017\/12\/3a-1024x683.jpg 1024w, https:\/\/adwokatdobrowolski.pl\/wp-content\/uploads\/2017\/12\/3a-600x400.jpg 600w, https:\/\/adwokatdobrowolski.pl\/wp-content\/uploads\/2017\/12\/3a-700x467.jpg 700w, https:\/\/adwokatdobrowolski.pl\/wp-content\/uploads\/2017\/12\/3a-410x273.jpg 410w, https:\/\/adwokatdobrowolski.pl\/wp-content\/uploads\/2017\/12\/3a-100x67.jpg 100w, https:\/\/adwokatdobrowolski.pl\/wp-content\/uploads\/2017\/12\/3a-275x183.jpg 275w, https:\/\/adwokatdobrowolski.pl\/wp-content\/uploads\/2017\/12\/3a-272x182.jpg 272w\" sizes=\"(max-width: 1920px) 100vw, 1920px\" \/><div id=\"pgc-32-1-0\"  class=\"panel-grid-cell\" ><div id=\"panel-32-1-0-0\" class=\"so-panel widget widget_sow-headline panel-first-child\" data-index=\"2\" ><div\n\t\t\t\n\t\t\tclass=\"so-widget-sow-headline so-widget-sow-headline-default-d2daec0dd127-32 so-widget-fittext-wrapper\"\n\t\t\t data-fit-text-compressor=\"0.85\"\n\t\t><div class=\"sow-headline-container \">\n\t<h1 class='sow-headline'>Szukasz pomocy lub chcesz porady prawnej?<\/h1>\t\t\t\t\t<div class=\"decoration\">\n\t\t\t\t\t\t<div class=\"decoration-inside\"><\/div>\n\t\t\t\t\t<\/div>\n\t\t\t\t\t<h3 class='sow-sub-headline'>Zadzwo\u0144 lub skorzystaj z formularza kontaktowego.<\/h3><\/div>\n<\/div><\/div><div id=\"panel-32-1-0-1\" class=\"so-panel widget widget_sow-button panel-last-child\" data-index=\"3\" ><div class=\"panel-widget-style panel-widget-style-for-32-1-0-1\" ><div\n\t\t\t\n\t\t\tclass=\"so-widget-sow-button so-widget-sow-button-flat-060411dbe29d-32\"\n\t\t\t\n\t\t><div class=\"ow-button-base ow-button-align-center\">\n\t<a\n\thref=\"\/kontakt\/\"\n\t\tclass=\"ow-icon-placement-left ow-button-hover\" \t>\n\t\t<span>\n\t\t\t\n\t\t\tKONTAKT\t\t<\/span>\n\t<\/a>\n<\/div>\n<\/div><\/div><\/div><\/div><\/div><\/div><\/div>","protected":false},"excerpt":{"rendered":"<p>Wynagrodzenie ustalane jest podczas spotkania z Klientem, a jego wysoko\u015b\u0107 uzale\u017cniona jest od rodzaju zlecenia, stopnia jego skomplikowania, przewidywanego nak\u0142adu pracy, ilo\u015bci dostarczonych przez Klienta materia\u0142\u00f3w oraz warto\u015bci przedmiotu sprawy. W szczeg\u00f3lnie uzasadnionych przypadkach dopuszczamy mo\u017cliwo\u015b\u0107 roz\u0142o\u017cenia nale\u017cnej kwoty tytu\u0142em wynagrodzenia na raty.<\/p>\n","protected":false},"author":1,"featured_media":0,"parent":0,"menu_order":0,"comment_status":"closed","ping_status":"closed","template":"page-templates\/page_fullwidth.php","meta":[],"_links":{"self":[{"href":"https:\/\/adwokatdobrowolski.pl\/index.php\/wp-json\/wp\/v2\/pages\/32"}],"collection":[{"href":"https:\/\/adwokatdobrowolski.pl\/index.php\/wp-json\/wp\/v2\/pages"}],"about":[{"href":"https:\/\/adwokatdobrowolski.pl\/index.php\/wp-json\/wp\/v2\/types\/page"}],"author":[{"embeddable":true,"href":"https:\/\/adwokatdobrowolski.pl\/index.php\/wp-json\/wp\/v2\/users\/1"}],"replies":[{"embeddable":true,"href":"https:\/\/adwokatdobrowolski.pl\/index.php\/wp-json\/wp\/v2\/comments?post=32"}],"version-history":[{"count":43,"href":"https:\/\/adwokatdobrowolski.pl\/index.php\/wp-json\/wp\/v2\/pages\/32\/revisions"}],"predecessor-version":[{"id":569,"href":"https:\/\/adwokatdobrowolski.pl\/index.php\/wp-json\/wp\/v2\/pages\/32\/revisions\/569"}],"wp:attachment":[{"href":"https:\/\/adwokatdobrowolski.pl\/index.php\/wp-json\/wp\/v2\/media?parent=32"}],"curies":[{"name":"wp","href":"https:\/\/api.w.org\/{rel}","templated":true}]}}