{"id":30,"date":"2017-11-28T23:58:54","date_gmt":"2017-11-28T22:58:54","guid":{"rendered":"http:\/\/adwokatdobrowolski.pl\/?page_id=30"},"modified":"2018-07-03T20:30:42","modified_gmt":"2018-07-03T18:30:42","slug":"zakres-uslug","status":"publish","type":"page","link":"https:\/\/adwokatdobrowolski.pl\/index.php\/zakres-uslug\/","title":{"rendered":"Zakres us\u0142ug"},"content":{"rendered":"<div id=\"pl-30\"  class=\"panel-layout\" ><div id=\"pg-30-0\"  class=\"panel-grid panel-has-style\" ><div style=\"padding: 0% 0; \" class=\"panel-row-style panel-row-style-for-30-0\" ><div id=\"pgc-30-0-0\"  class=\"panel-grid-cell\" ><div id=\"panel-30-0-0-0\" class=\"so-panel widget widget_sow-headline panel-first-child\" data-index=\"0\" ><div\n\t\t\t\n\t\t\tclass=\"so-widget-sow-headline so-widget-sow-headline-default-bec13336f294-30\"\n\t\t\t\n\t\t><div class=\"sow-headline-container \">\n\t<h1 class='sow-headline'>PRAWO <br \/>CYWILNE<\/h1>\t\t\t\t\t<div class=\"decoration\">\n\t\t\t\t\t\t<div class=\"decoration-inside\"><\/div>\n\t\t\t\t\t<\/div>\n\t\t\t\t\t<p class='sow-sub-headline'>Kancelaria reprezentuje Klient\u00f3w m. in. w post\u0119powaniach o zap\u0142at\u0119, odszkodowanie, zado\u015b\u0107uczynienie, dzia\u0142 spadku, podzia\u0142 maj\u0105tku oraz zniesienie wsp\u00f3\u0142w\u0142asno\u015bci.<\/p><\/div>\n<\/div><\/div><div id=\"panel-30-0-0-1\" class=\"so-panel widget widget_sow-accordion panel-last-child\" data-index=\"1\" ><div\n\t\t\t\n\t\t\tclass=\"so-widget-sow-accordion so-widget-sow-accordion-default-dec77c9891b7-30\"\n\t\t\t\n\t\t><div>\n\t<div class=\"sow-accordion\">\n\t\t\t<div class=\"sow-accordion-panel\"\n\t\t\t data-anchor=\"zobacz-wi%c4%99cej\">\n\t\t\t\t<div class=\"sow-accordion-panel-header-container\" role=\"heading\" aria-level=\"2\">\n\t\t\t\t\t<div class=\"sow-accordion-panel-header\" tabindex=\"0\" role=\"button\" id=\"accordion-label-zobacz-wi%c4%99cej\" aria-controls=\"accordion-content-zobacz-wi%c4%99cej\" aria-expanded=\"false\">\n\t\t\t\t\t\t<div class=\"sow-accordion-title sow-accordion-title-icon-left\">\n\t\t\t\t\t\t\t\t\t\t\t\t\t\tZobacz wi\u0119cej\t\t\t\t\t\t\t\t\t\t\t\t\t<\/div>\n\t\t\t\t\t\t<div class=\"sow-accordion-open-close-button\">\n\t\t\t\t\t\t\t<div class=\"sow-accordion-open-button\">\n\t\t\t\t\t\t\t\t<span class=\"sow-icon-ionicons\" data-sow-icon=\"&#xf218;\"\n\t\t \n\t\taria-hidden=\"true\"><\/span>\t\t\t\t\t\t\t<\/div>\n\t\t\t\t\t\t\t<div class=\"sow-accordion-close-button\">\n\t\t\t\t\t\t\t\t<span class=\"sow-icon-ionicons\" data-sow-icon=\"&#xf209;\"\n\t\t \n\t\taria-hidden=\"true\"><\/span>\t\t\t\t\t\t\t<\/div>\n\t\t\t\t\t\t<\/div>\n\t\t\t\t\t<\/div>\n\t\t\t\t<\/div>\n\n\t\t\t<div\n\t\t\t\tclass=\"sow-accordion-panel-content\"\n\t\t\t\trole=\"region\"\n\t\t\t\taria-labelledby=\"accordion-label-zobacz-wi%c4%99cej\"\n\t\t\t\tid=\"accordion-content-zobacz-wi%c4%99cej\"\n\t\t\t\tstyle=\"display: none;\"\t\t\t>\n\t\t\t\t<div class=\"sow-accordion-panel-border\" tabindex=\"0\">\n\t\t\t\t\t<ul>\n<li>odszkodowanie, zado\u015b\u0107uczynienie i renty z tytu\u0142u wypadk\u00f3w losowych<\/li>\n<li>odpowiedzialno\u015b\u0107 z tytu\u0142u wykonania i niewykonania zobowi\u0105zania<\/li>\n<li>sprawy o zap\u0142at\u0119<\/li>\n<li>przygotowywanie projekt\u00f3w um\u00f3w i opiniowanie um\u00f3w<\/li>\n<li>prawo rzeczowe (naruszenie posiadania, zniesienie wsp\u00f3\u0142w\u0142asno\u015bci, zasiedzenie)<\/li>\n<li>sprawy spadkowe (stwierdzenie nabycia spadku, dzia\u0142 spadku, zachowek)<\/li>\n<li>ubezw\u0142asnowolnienie<\/li>\n<\/ul>\t\t\t\t<\/div>\n\t\t\t<\/div>\n\t\t<\/div>\n\t\t<\/div>\n<\/div>\n<\/div><\/div><\/div><div id=\"pgc-30-0-1\"  class=\"panel-grid-cell\" ><div id=\"panel-30-0-1-0\" class=\"so-panel widget widget_sow-headline panel-first-child\" data-index=\"2\" ><div\n\t\t\t\n\t\t\tclass=\"so-widget-sow-headline so-widget-sow-headline-default-bec13336f294-30\"\n\t\t\t\n\t\t><div class=\"sow-headline-container \">\n\t<h1 class='sow-headline'>PRAWO RODZINNE I OPIEKU\u0143CZE<\/h1>\t\t\t\t\t<div class=\"decoration\">\n\t\t\t\t\t\t<div class=\"decoration-inside\"><\/div>\n\t\t\t\t\t<\/div>\n\t\t\t\t\t<p class='sow-sub-headline'>Kancelaria \u015bwiadczy pomoc prawn\u0105 w sprawach o rozw\u00f3d, separacj\u0119, alimenty, ustalenie kontakt\u00f3w, w sprawach podzia\u0142u maj\u0105tku wsp\u00f3lnego po rozwodzie.<\/p><\/div>\n<\/div><\/div><div id=\"panel-30-0-1-1\" class=\"so-panel widget widget_sow-accordion panel-last-child\" data-index=\"3\" ><div\n\t\t\t\n\t\t\tclass=\"so-widget-sow-accordion so-widget-sow-accordion-default-dec77c9891b7-30\"\n\t\t\t\n\t\t><div>\n\t<div class=\"sow-accordion\">\n\t\t\t<div class=\"sow-accordion-panel\"\n\t\t\t data-anchor=\"zobacz-wi%c4%99cej\">\n\t\t\t\t<div class=\"sow-accordion-panel-header-container\" role=\"heading\" aria-level=\"2\">\n\t\t\t\t\t<div class=\"sow-accordion-panel-header\" tabindex=\"0\" role=\"button\" id=\"accordion-label-zobacz-wi%c4%99cej\" aria-controls=\"accordion-content-zobacz-wi%c4%99cej\" aria-expanded=\"false\">\n\t\t\t\t\t\t<div class=\"sow-accordion-title sow-accordion-title-icon-left\">\n\t\t\t\t\t\t\t\t\t\t\t\t\t\tZobacz wi\u0119cej\t\t\t\t\t\t\t\t\t\t\t\t\t<\/div>\n\t\t\t\t\t\t<div class=\"sow-accordion-open-close-button\">\n\t\t\t\t\t\t\t<div class=\"sow-accordion-open-button\">\n\t\t\t\t\t\t\t\t<span class=\"sow-icon-ionicons\" data-sow-icon=\"&#xf218;\"\n\t\t \n\t\taria-hidden=\"true\"><\/span>\t\t\t\t\t\t\t<\/div>\n\t\t\t\t\t\t\t<div class=\"sow-accordion-close-button\">\n\t\t\t\t\t\t\t\t<span class=\"sow-icon-ionicons\" data-sow-icon=\"&#xf209;\"\n\t\t \n\t\taria-hidden=\"true\"><\/span>\t\t\t\t\t\t\t<\/div>\n\t\t\t\t\t\t<\/div>\n\t\t\t\t\t<\/div>\n\t\t\t\t<\/div>\n\n\t\t\t<div\n\t\t\t\tclass=\"sow-accordion-panel-content\"\n\t\t\t\trole=\"region\"\n\t\t\t\taria-labelledby=\"accordion-label-zobacz-wi%c4%99cej\"\n\t\t\t\tid=\"accordion-content-zobacz-wi%c4%99cej\"\n\t\t\t\tstyle=\"display: none;\"\t\t\t>\n\t\t\t\t<div class=\"sow-accordion-panel-border\" tabindex=\"0\">\n\t\t\t\t\t<ul>\n<li>sprawa o rozw\u00f3d i separacj\u0119<\/li>\n<li>ustalenie, zniesienie, podwy\u017cszenie, obni\u017cenie aliment\u00f3w<\/li>\n<li>ustalenie w\u0142adzy rodzicielskiej<\/li>\n<li>ustalenie miejsca pobytu ma\u0142oletniego<\/li>\n<li>kontakty z ma\u0142oletnim<\/li>\n<li>zaprzeczenie ojcostwa<\/li>\n<li>podzia\u0142 maj\u0105tku, rozliczenie nak\u0142ad\u00f3w<\/li>\n<li>ustanowienie rozdzielno\u015bci maj\u0105tkowej<\/li>\n<\/ul>\n\t\t\t\t<\/div>\n\t\t\t<\/div>\n\t\t<\/div>\n\t\t<\/div>\n<\/div>\n<\/div><\/div><\/div><div id=\"pgc-30-0-2\"  class=\"panel-grid-cell\" ><div id=\"panel-30-0-2-0\" class=\"so-panel widget widget_sow-headline panel-first-child\" data-index=\"4\" ><div\n\t\t\t\n\t\t\tclass=\"so-widget-sow-headline so-widget-sow-headline-default-bec13336f294-30\"\n\t\t\t\n\t\t><div class=\"sow-headline-container \">\n\t<h1 class='sow-headline'>PRAWO <br \/>KARNE<\/h1>\t\t\t\t\t<div class=\"decoration\">\n\t\t\t\t\t\t<div class=\"decoration-inside\"><\/div>\n\t\t\t\t\t<\/div>\n\t\t\t\t\t<p class='sow-sub-headline'>Kancelaria \u015bwiadczy pomoc prawn\u0105 zwi\u0105zan\u0105 z obron\u0105 w sprawach karnych, zar\u00f3wno na etapie post\u0119powania przygotowawczego, jak i s\u0105dowego. Kancelaria zapewnia niezw\u0142oczn\u0105 pomoc w przypadku zatrzymania i tymczasowego aresztowania. <\/p><\/div>\n<\/div><\/div><div id=\"panel-30-0-2-1\" class=\"so-panel widget widget_sow-accordion panel-last-child\" data-index=\"5\" ><div\n\t\t\t\n\t\t\tclass=\"so-widget-sow-accordion so-widget-sow-accordion-default-dec77c9891b7-30\"\n\t\t\t\n\t\t><div>\n\t<div class=\"sow-accordion\">\n\t\t\t<div class=\"sow-accordion-panel\"\n\t\t\t data-anchor=\"zobacz-wi%c4%99cej\">\n\t\t\t\t<div class=\"sow-accordion-panel-header-container\" role=\"heading\" aria-level=\"2\">\n\t\t\t\t\t<div class=\"sow-accordion-panel-header\" tabindex=\"0\" role=\"button\" id=\"accordion-label-zobacz-wi%c4%99cej\" aria-controls=\"accordion-content-zobacz-wi%c4%99cej\" aria-expanded=\"false\">\n\t\t\t\t\t\t<div class=\"sow-accordion-title sow-accordion-title-icon-left\">\n\t\t\t\t\t\t\t\t\t\t\t\t\t\tZobacz wi\u0119cej\t\t\t\t\t\t\t\t\t\t\t\t\t<\/div>\n\t\t\t\t\t\t<div class=\"sow-accordion-open-close-button\">\n\t\t\t\t\t\t\t<div class=\"sow-accordion-open-button\">\n\t\t\t\t\t\t\t\t<span class=\"sow-icon-ionicons\" data-sow-icon=\"&#xf218;\"\n\t\t \n\t\taria-hidden=\"true\"><\/span>\t\t\t\t\t\t\t<\/div>\n\t\t\t\t\t\t\t<div class=\"sow-accordion-close-button\">\n\t\t\t\t\t\t\t\t<span class=\"sow-icon-ionicons\" data-sow-icon=\"&#xf209;\"\n\t\t \n\t\taria-hidden=\"true\"><\/span>\t\t\t\t\t\t\t<\/div>\n\t\t\t\t\t\t<\/div>\n\t\t\t\t\t<\/div>\n\t\t\t\t<\/div>\n\n\t\t\t<div\n\t\t\t\tclass=\"sow-accordion-panel-content\"\n\t\t\t\trole=\"region\"\n\t\t\t\taria-labelledby=\"accordion-label-zobacz-wi%c4%99cej\"\n\t\t\t\tid=\"accordion-content-zobacz-wi%c4%99cej\"\n\t\t\t\tstyle=\"display: none;\"\t\t\t>\n\t\t\t\t<div class=\"sow-accordion-panel-border\" tabindex=\"0\">\n\t\t\t\t\t<ul>\n<li>\n<p>zatrzymanie, tymczasowe aresztowanie: zapewniamy natychmiastow\u0105 reakcj\u0119 w sytuacjach nag\u0142ych oraz sta\u0142y kontakt z bliskimi os\u00f3b zatrzymanych<\/p>\n<\/li>\n<li>\n<p>obrona we wszystkich rodzajach post\u0119powania (\u015bledztwo, dochodzenie, post\u0119powanie uproszczone, zwyczajne, w trybie przyspieszonym, apelacyjne, post\u0119powanie kasacyjne, wznowienie post\u0119powania, sprawy o wykroczenia)<\/p>\n<\/li>\n<li>\n<p>post\u0119powanie przygotowawcze:\u00a0 reprezentowanie Klienta przed organami \u015bcigania i prokuratur\u0105<\/p>\n<\/li>\n<li>\n<p>reprezentowanie oskar\u017conego przed S\u0105dem I i II instancji oraz S\u0105dem Najwy\u017cszym<\/p>\n<\/li>\n<li>\n<p>reprezentowanie oskar\u017cyciela posi\u0142kowego, oskar\u017cyciela prywatnego oraz powoda cywilnego w post\u0119powaniu przed s\u0105dem I instancji oraz post\u0119powaniu apelacyjnym lub kasacyjnym<\/p>\n<\/li>\n<li>\n<p>sporz\u0105dzanie \u015brodk\u00f3w zaskar\u017cenia z zakresu prawa karnego, prawa wykrocze\u0144 oraz prawa karnego skarbowego (apelacji, kasacji, za\u017cale\u0144)<\/p>\n<\/li>\n<li>\n<p>sporz\u0105dzanie prywatnych akt\u00f3w oskar\u017cenia<\/p>\n<\/li>\n<\/ul>\t\t\t\t<\/div>\n\t\t\t<\/div>\n\t\t<\/div>\n\t\t<\/div>\n<\/div>\n<\/div><\/div><\/div><\/div><\/div><div id=\"pg-30-1\"  class=\"panel-grid panel-has-style\" ><div style=\"padding: 0% 0; \" class=\"panel-row-style panel-row-style-for-30-1\" ><div id=\"pgc-30-1-0\"  class=\"panel-grid-cell panel-grid-cell-empty\" ><\/div><div id=\"pgc-30-1-1\"  class=\"panel-grid-cell\" ><div id=\"panel-30-1-1-0\" class=\"so-panel widget widget_sow-headline panel-first-child\" data-index=\"6\" ><div\n\t\t\t\n\t\t\tclass=\"so-widget-sow-headline so-widget-sow-headline-default-bec13336f294-30\"\n\t\t\t\n\t\t><div class=\"sow-headline-container \">\n\t<h1 class='sow-headline'>PRAWO GOSPODARCZE<\/h1>\t\t\t\t\t<div class=\"decoration\">\n\t\t\t\t\t\t<div class=\"decoration-inside\"><\/div>\n\t\t\t\t\t<\/div>\n\t\t\t\t\t<p class='sow-sub-headline'>Kancelaria \u015bwiadczy kompleksow\u0105 obs\u0142ug\u0119 podmiot\u00f3w gospodarczych, w tym te\u017c w zakresie sporz\u0105dzania i opiniowania um\u00f3w oraz windykacji nale\u017cno\u015bci.<\/p><\/div>\n<\/div><\/div><div id=\"panel-30-1-1-1\" class=\"so-panel widget widget_sow-accordion panel-last-child\" data-index=\"7\" ><div\n\t\t\t\n\t\t\tclass=\"so-widget-sow-accordion so-widget-sow-accordion-default-dec77c9891b7-30\"\n\t\t\t\n\t\t><div>\n\t<div class=\"sow-accordion\">\n\t\t\t<div class=\"sow-accordion-panel\"\n\t\t\t data-anchor=\"zobacz-wi%c4%99cej\">\n\t\t\t\t<div class=\"sow-accordion-panel-header-container\" role=\"heading\" aria-level=\"2\">\n\t\t\t\t\t<div class=\"sow-accordion-panel-header\" tabindex=\"0\" role=\"button\" id=\"accordion-label-zobacz-wi%c4%99cej\" aria-controls=\"accordion-content-zobacz-wi%c4%99cej\" aria-expanded=\"false\">\n\t\t\t\t\t\t<div class=\"sow-accordion-title sow-accordion-title-icon-left\">\n\t\t\t\t\t\t\t\t\t\t\t\t\t\tZobacz wi\u0119cej\t\t\t\t\t\t\t\t\t\t\t\t\t<\/div>\n\t\t\t\t\t\t<div class=\"sow-accordion-open-close-button\">\n\t\t\t\t\t\t\t<div class=\"sow-accordion-open-button\">\n\t\t\t\t\t\t\t\t<span class=\"sow-icon-ionicons\" data-sow-icon=\"&#xf218;\"\n\t\t \n\t\taria-hidden=\"true\"><\/span>\t\t\t\t\t\t\t<\/div>\n\t\t\t\t\t\t\t<div class=\"sow-accordion-close-button\">\n\t\t\t\t\t\t\t\t<span class=\"sow-icon-ionicons\" data-sow-icon=\"&#xf209;\"\n\t\t \n\t\taria-hidden=\"true\"><\/span>\t\t\t\t\t\t\t<\/div>\n\t\t\t\t\t\t<\/div>\n\t\t\t\t\t<\/div>\n\t\t\t\t<\/div>\n\n\t\t\t<div\n\t\t\t\tclass=\"sow-accordion-panel-content\"\n\t\t\t\trole=\"region\"\n\t\t\t\taria-labelledby=\"accordion-label-zobacz-wi%c4%99cej\"\n\t\t\t\tid=\"accordion-content-zobacz-wi%c4%99cej\"\n\t\t\t\tstyle=\"display: none;\"\t\t\t>\n\t\t\t\t<div class=\"sow-accordion-panel-border\" tabindex=\"0\">\n\t\t\t\t\t<ul>\n<li>\n<p>sta\u0142a obs\u0142uga prawna firm<\/p>\n<\/li>\n<li>\n<p>sporz\u0105dzanie i opiniowanie um\u00f3w<\/p>\n<\/li>\n<li>\n<p>windykacja nale\u017cno\u015bci<\/p>\n<\/li>\n<\/ul>\t\t\t\t<\/div>\n\t\t\t<\/div>\n\t\t<\/div>\n\t\t<\/div>\n<\/div>\n<\/div><\/div><\/div><div id=\"pgc-30-1-2\"  class=\"panel-grid-cell panel-grid-cell-mobile-last\" ><div id=\"panel-30-1-2-0\" class=\"so-panel widget widget_sow-headline panel-first-child\" data-index=\"8\" ><div\n\t\t\t\n\t\t\tclass=\"so-widget-sow-headline so-widget-sow-headline-default-bec13336f294-30\"\n\t\t\t\n\t\t><div class=\"sow-headline-container \">\n\t<h1 class='sow-headline'>PRAWO ADMINISTRACYJNE<\/h1>\t\t\t\t\t<div class=\"decoration\">\n\t\t\t\t\t\t<div class=\"decoration-inside\"><\/div>\n\t\t\t\t\t<\/div>\n\t\t\t\t\t<p class='sow-sub-headline'>Kancelaria reprezentuje Klient\u00f3w w post\u0119powaniach administracyjnych przed organami publicznymi, s\u0105dami administracyjnymi i Naczelnym S\u0105dem Administracyjnym.<\/p><\/div>\n<\/div><\/div><div id=\"panel-30-1-2-1\" class=\"so-panel widget widget_sow-accordion panel-last-child\" data-index=\"9\" ><div\n\t\t\t\n\t\t\tclass=\"so-widget-sow-accordion so-widget-sow-accordion-default-dec77c9891b7-30\"\n\t\t\t\n\t\t><div>\n\t<div class=\"sow-accordion\">\n\t\t\t<div class=\"sow-accordion-panel\"\n\t\t\t data-anchor=\"zobacz-wi%c4%99cej\">\n\t\t\t\t<div class=\"sow-accordion-panel-header-container\" role=\"heading\" aria-level=\"2\">\n\t\t\t\t\t<div class=\"sow-accordion-panel-header\" tabindex=\"0\" role=\"button\" id=\"accordion-label-zobacz-wi%c4%99cej\" aria-controls=\"accordion-content-zobacz-wi%c4%99cej\" aria-expanded=\"false\">\n\t\t\t\t\t\t<div class=\"sow-accordion-title sow-accordion-title-icon-left\">\n\t\t\t\t\t\t\t\t\t\t\t\t\t\tZobacz wi\u0119cej\t\t\t\t\t\t\t\t\t\t\t\t\t<\/div>\n\t\t\t\t\t\t<div class=\"sow-accordion-open-close-button\">\n\t\t\t\t\t\t\t<div class=\"sow-accordion-open-button\">\n\t\t\t\t\t\t\t\t<span class=\"sow-icon-ionicons\" data-sow-icon=\"&#xf218;\"\n\t\t \n\t\taria-hidden=\"true\"><\/span>\t\t\t\t\t\t\t<\/div>\n\t\t\t\t\t\t\t<div class=\"sow-accordion-close-button\">\n\t\t\t\t\t\t\t\t<span class=\"sow-icon-ionicons\" data-sow-icon=\"&#xf209;\"\n\t\t \n\t\taria-hidden=\"true\"><\/span>\t\t\t\t\t\t\t<\/div>\n\t\t\t\t\t\t<\/div>\n\t\t\t\t\t<\/div>\n\t\t\t\t<\/div>\n\n\t\t\t<div\n\t\t\t\tclass=\"sow-accordion-panel-content\"\n\t\t\t\trole=\"region\"\n\t\t\t\taria-labelledby=\"accordion-label-zobacz-wi%c4%99cej\"\n\t\t\t\tid=\"accordion-content-zobacz-wi%c4%99cej\"\n\t\t\t\tstyle=\"display: none;\"\t\t\t>\n\t\t\t\t<div class=\"sow-accordion-panel-border\" tabindex=\"0\">\n\t\t\t\t\t<ul>\n<li>\n<p>reprezentowanie przed organami publicznymi, s\u0105dami administracyjnymi i Naczelnym S\u0105dem Administracyjnym<\/p>\n<\/li>\n<li>\n<p>sporz\u0105dzanie skargi do wojew\u00f3dzkich s\u0105d\u00f3w administracyjnych oraz skargi kasacyjnej do Naczelnego S\u0105du Administracyjnego<\/p>\n<\/li>\n<li>\n<p>sporz\u0105dzanie wniosk\u00f3w i odwo\u0142a\u0144 w post\u0119powaniu administracyjnym<\/p>\n<\/li>\n<\/ul>\t\t\t\t<\/div>\n\t\t\t<\/div>\n\t\t<\/div>\n\t\t<\/div>\n<\/div>\n<\/div><\/div><\/div><div id=\"pgc-30-1-3\"  class=\"panel-grid-cell panel-grid-cell-empty\" ><\/div><\/div><\/div><div id=\"pg-30-2\"  class=\"panel-grid panel-has-style\" ><div style=\"padding: 0; \" class=\"panel-row-style panel-row-style-for-30-2\" ><div id=\"pgc-30-2-0\"  class=\"panel-grid-cell\" ><div id=\"panel-30-2-0-0\" class=\"so-panel widget widget_sow-headline panel-first-child panel-last-child\" data-index=\"10\" ><div class=\"panel-widget-style panel-widget-style-for-30-2-0-0\" ><div\n\t\t\t\n\t\t\tclass=\"so-widget-sow-headline so-widget-sow-headline-default-d92601d755eb-30\"\n\t\t\t\n\t\t><div class=\"sow-headline-container \">\n\t<h1 class='sow-headline'>Obszar dzia\u0142alno\u015bci<\/h1>\t\t\t\t\t<div class=\"decoration\">\n\t\t\t\t\t\t<div class=\"decoration-inside\"><\/div>\n\t\t\t\t\t<\/div>\n\t\t\t\t\t<p class='sow-sub-headline'>Kancelaria \u015bwiadczy pomoc prawn\u0105 na terenie ca\u0142ej Polski, a w szczeg\u00f3lno\u015bci z uwagi na lokalizacj\u0119 w nast\u0119puj\u0105cych miastach: Bia\u0142ystok, Sok\u00f3\u0142ka, August\u00f3w, Bielsk Podlaski, Hajn\u00f3wka, Zambr\u00f3w, \u0141om\u017ca, Grajewo.<\/p><\/div>\n<\/div><\/div><\/div><\/div><\/div><\/div><div id=\"pg-30-3\"  class=\"panel-grid panel-has-style\" ><div class=\"so-parallax siteorigin-panels-stretch rocked-stretch panel-row-style panel-row-style-for-30-3\" style=\"padding: 20% 0; \" id=\"parallax\" data-stretch-type=\"full-stretched\" ><img width=\"1920\" height=\"1280\" src=\"https:\/\/adwokatdobrowolski.pl\/wp-content\/uploads\/2017\/12\/3a.jpg\" class=\"attachment-full size-full\" alt=\"\" decoding=\"async\" loading=\"eager\" data-siteorigin-parallax=\"true\" srcset=\"https:\/\/adwokatdobrowolski.pl\/wp-content\/uploads\/2017\/12\/3a.jpg 1920w, https:\/\/adwokatdobrowolski.pl\/wp-content\/uploads\/2017\/12\/3a-300x200.jpg 300w, https:\/\/adwokatdobrowolski.pl\/wp-content\/uploads\/2017\/12\/3a-768x512.jpg 768w, https:\/\/adwokatdobrowolski.pl\/wp-content\/uploads\/2017\/12\/3a-1024x683.jpg 1024w, https:\/\/adwokatdobrowolski.pl\/wp-content\/uploads\/2017\/12\/3a-600x400.jpg 600w, https:\/\/adwokatdobrowolski.pl\/wp-content\/uploads\/2017\/12\/3a-700x467.jpg 700w, https:\/\/adwokatdobrowolski.pl\/wp-content\/uploads\/2017\/12\/3a-410x273.jpg 410w, https:\/\/adwokatdobrowolski.pl\/wp-content\/uploads\/2017\/12\/3a-100x67.jpg 100w, https:\/\/adwokatdobrowolski.pl\/wp-content\/uploads\/2017\/12\/3a-275x183.jpg 275w, https:\/\/adwokatdobrowolski.pl\/wp-content\/uploads\/2017\/12\/3a-272x182.jpg 272w\" sizes=\"(max-width: 1920px) 100vw, 1920px\" \/><div id=\"pgc-30-3-0\"  class=\"panel-grid-cell\" ><div id=\"panel-30-3-0-0\" class=\"so-panel widget widget_sow-headline panel-first-child\" data-index=\"11\" ><div\n\t\t\t\n\t\t\tclass=\"so-widget-sow-headline so-widget-sow-headline-default-d2daec0dd127-30 so-widget-fittext-wrapper\"\n\t\t\t data-fit-text-compressor=\"0.85\"\n\t\t><div class=\"sow-headline-container \">\n\t<h1 class='sow-headline'>Szukasz pomocy lub chcesz porady prawnej?<\/h1>\t\t\t\t\t<div class=\"decoration\">\n\t\t\t\t\t\t<div class=\"decoration-inside\"><\/div>\n\t\t\t\t\t<\/div>\n\t\t\t\t\t<h3 class='sow-sub-headline'>Zadzwo\u0144 lub skorzystaj z formularza kontaktowego.<\/h3><\/div>\n<\/div><\/div><div id=\"panel-30-3-0-1\" class=\"so-panel widget widget_sow-button panel-last-child\" data-index=\"12\" ><div class=\"panel-widget-style panel-widget-style-for-30-3-0-1\" ><div\n\t\t\t\n\t\t\tclass=\"so-widget-sow-button so-widget-sow-button-flat-060411dbe29d-30\"\n\t\t\t\n\t\t><div class=\"ow-button-base ow-button-align-center\">\n\t<a\n\thref=\"\/kontakt\/\"\n\t\tclass=\"ow-icon-placement-left ow-button-hover\" \t>\n\t\t<span>\n\t\t\t\n\t\t\tKONTAKT\t\t<\/span>\n\t<\/a>\n<\/div>\n<\/div><\/div><\/div><\/div><\/div><\/div><\/div>","protected":false},"excerpt":{"rendered":"<p>PRAWO CYWILNE Kancelaria reprezentuje Klient\u00f3w m. in. w post\u0119powaniach o zap\u0142at\u0119, odszkodowanie, zado\u015b\u0107uczynienie, dzia\u0142 spadku, podzia\u0142 maj\u0105tku oraz zniesienie wsp\u00f3\u0142w\u0142asno\u015bci. Zobacz wi\u0119cej odszkodowanie, zado\u015b\u0107uczynienie i renty z tytu\u0142u wypadk\u00f3w losowych odpowiedzialno\u015b\u0107 z tytu\u0142u wykonania i niewykonania zobowi\u0105zania sprawy o zap\u0142at\u0119 przygotowywanie projekt\u00f3w um\u00f3w i opiniowanie um\u00f3w prawo rzeczowe (naruszenie posiadania, zniesienie wsp\u00f3\u0142w\u0142asno\u015bci, zasiedzenie) sprawy spadkowe [&hellip;]<\/p>\n","protected":false},"author":1,"featured_media":0,"parent":0,"menu_order":0,"comment_status":"closed","ping_status":"closed","template":"page-templates\/page_fullwidth.php","meta":[],"_links":{"self":[{"href":"https:\/\/adwokatdobrowolski.pl\/index.php\/wp-json\/wp\/v2\/pages\/30"}],"collection":[{"href":"https:\/\/adwokatdobrowolski.pl\/index.php\/wp-json\/wp\/v2\/pages"}],"about":[{"href":"https:\/\/adwokatdobrowolski.pl\/index.php\/wp-json\/wp\/v2\/types\/page"}],"author":[{"embeddable":true,"href":"https:\/\/adwokatdobrowolski.pl\/index.php\/wp-json\/wp\/v2\/users\/1"}],"replies":[{"embeddable":true,"href":"https:\/\/adwokatdobrowolski.pl\/index.php\/wp-json\/wp\/v2\/comments?post=30"}],"version-history":[{"count":38,"href":"https:\/\/adwokatdobrowolski.pl\/index.php\/wp-json\/wp\/v2\/pages\/30\/revisions"}],"predecessor-version":[{"id":678,"href":"https:\/\/adwokatdobrowolski.pl\/index.php\/wp-json\/wp\/v2\/pages\/30\/revisions\/678"}],"wp:attachment":[{"href":"https:\/\/adwokatdobrowolski.pl\/index.php\/wp-json\/wp\/v2\/media?parent=30"}],"curies":[{"name":"wp","href":"https:\/\/api.w.org\/{rel}","templated":true}]}}